{"id":117,"date":"2016-01-18T13:26:01","date_gmt":"2016-01-18T13:26:01","guid":{"rendered":"http:\/\/www.erosypsique.es\/new_eros\/?page_id=117"},"modified":"2016-02-03T19:58:33","modified_gmt":"2016-02-03T19:58:33","slug":"el-despacho","status":"publish","type":"page","link":"https:\/\/www.erosypsique.es\/index.php\/el-despacho\/","title":{"rendered":"El Despacho"},"content":{"rendered":"<p>&nbsp;<\/p>\n<p>Ubicado en una <strong>zona excepcional de Alicante<\/strong>, c\u00e9ntrica y rodeada de Ficus centenarios.\u00a0 Incluso he le\u00eddo que uno de esos ficus parece una reproducci\u00f3n literal de la producci\u00f3n de Trist\u00e1n e Isolda de Wagner en Bayreuth, que hizo Jean Pierre Ponnelle dirigida por Barenboim.\u00a0 Parece ser que en ese \u00e1rbol se encontraban los amantes por la noche\u2026<\/p>\n<p>&nbsp;<\/p>\n<p><a href=\"http:\/\/www.erosypsique.es\/wp-content\/uploads\/2016\/01\/palza.jpg\" rel=\"attachment wp-att-172\"><img loading=\"lazy\" decoding=\"async\" class=\"alignleft wp-image-172 size-medium\" src=\"http:\/\/www.erosypsique.es\/wp-content\/uploads\/2016\/01\/palza-300x225.jpg\" alt=\"palza\" width=\"300\" height=\"225\" srcset=\"https:\/\/www.erosypsique.es\/wp-content\/uploads\/2016\/01\/palza-300x225.jpg 300w, https:\/\/www.erosypsique.es\/wp-content\/uploads\/2016\/01\/palza.jpg 689w\" sizes=\"(max-width: 300px) 100vw, 300px\" \/><\/a><\/p>\n<p>&nbsp;<\/p>\n<p>El despacho es un lugar muy <strong>c\u00e1lido y acogedor<\/strong>. Alej\u00e1ndonos as\u00ed de las t\u00edpicas salas de centro m\u00e9dico, fr\u00edas e impersonales,\u00a0 que lo \u00fanico que consiguen es hacer sentir a las personas que est\u00e1n enfermas, cuando en realidad, les sucede lo mismo que a todo el mundo, pero\u00a0 han tenido la valent\u00eda de consultarlo con un experto.<\/p>\n<p>&nbsp;<\/p>\n<p>&nbsp;<\/p>\n<p>Adem\u00e1s es un sitio silencioso y estar\u00e1s con la absoluta tranquilidad que nadie va a escucharte, puesto que no hay salas contiguas. Incluso se ha prescindido de recepci\u00f3n, para proteger la <strong>confidencialidad<\/strong> de nuestros clientes.<\/p>\n<p>&nbsp;<\/p>\n<p><a href=\"http:\/\/www.erosypsique.es\/wp-content\/uploads\/2016\/01\/001-copia.jpg\" rel=\"attachment wp-att-118\"><img loading=\"lazy\" decoding=\"async\" class=\"alignright wp-image-118 size-medium\" src=\"http:\/\/www.erosypsique.es\/wp-content\/uploads\/2016\/01\/001-copia-300x196.jpg\" alt=\"001 copia\" width=\"300\" height=\"196\" srcset=\"https:\/\/www.erosypsique.es\/wp-content\/uploads\/2016\/01\/001-copia-300x196.jpg 300w, https:\/\/www.erosypsique.es\/wp-content\/uploads\/2016\/01\/001-copia-768x501.jpg 768w, https:\/\/www.erosypsique.es\/wp-content\/uploads\/2016\/01\/001-copia-1024x668.jpg 1024w, https:\/\/www.erosypsique.es\/wp-content\/uploads\/2016\/01\/001-copia.jpg 1181w\" sizes=\"(max-width: 300px) 100vw, 300px\" \/><\/a><\/p>\n<p>&nbsp;<\/p>\n<p>Lo m\u00e1s importante a la hora de atender a las personas es la confianza, y\u00a0 poder tener un espacio d\u00f3nde poder expresarse con libertad y sin miedo a ser juzgados.<\/p>\n<p>&nbsp;<\/p>\n<p style=\"text-align: center;\">Aqu\u00ed vas a encontrar ese <strong>lugar seguro<\/strong> donde por fin podr\u00e1s <strong>ser tu mism@. <\/strong><\/p>\n<p>&nbsp;<\/p>\n<p>&nbsp;<\/p>\n<p>&nbsp;<\/p>\n<p>&nbsp;<\/p>\n","protected":false},"excerpt":{"rendered":"<p>&nbsp; Ubicado en una zona excepcional de Alicante, c\u00e9ntrica y rodeada de Ficus centenarios.\u00a0 Incluso he le\u00eddo que uno de esos ficus parece una reproducci\u00f3n literal de la producci\u00f3n de Trist\u00e1n e Isolda de Wagner en Bayreuth, que hizo Jean<\/p>\n","protected":false},"author":1,"featured_media":0,"parent":0,"menu_order":0,"comment_status":"closed","ping_status":"closed","template":"","meta":{"footnotes":""},"aioseo_notices":[],"_links":{"self":[{"href":"https:\/\/www.erosypsique.es\/index.php\/wp-json\/wp\/v2\/pages\/117"}],"collection":[{"href":"https:\/\/www.erosypsique.es\/index.php\/wp-json\/wp\/v2\/pages"}],"about":[{"href":"https:\/\/www.erosypsique.es\/index.php\/wp-json\/wp\/v2\/types\/page"}],"author":[{"embeddable":true,"href":"https:\/\/www.erosypsique.es\/index.php\/wp-json\/wp\/v2\/users\/1"}],"replies":[{"embeddable":true,"href":"https:\/\/www.erosypsique.es\/index.php\/wp-json\/wp\/v2\/comments?post=117"}],"version-history":[{"count":7,"href":"https:\/\/www.erosypsique.es\/index.php\/wp-json\/wp\/v2\/pages\/117\/revisions"}],"predecessor-version":[{"id":380,"href":"https:\/\/www.erosypsique.es\/index.php\/wp-json\/wp\/v2\/pages\/117\/revisions\/380"}],"wp:attachment":[{"href":"https:\/\/www.erosypsique.es\/index.php\/wp-json\/wp\/v2\/media?parent=117"}],"curies":[{"name":"wp","href":"https:\/\/api.w.org\/{rel}","templated":true}]}}