{"id":33,"date":"2015-11-18T17:52:01","date_gmt":"2015-11-18T17:52:01","guid":{"rendered":"http:\/\/www.erosypsique.es\/new_eros\/?page_id=33"},"modified":"2021-04-24T10:04:14","modified_gmt":"2021-04-24T10:04:14","slug":"atencion-online","status":"publish","type":"page","link":"https:\/\/www.erosypsique.es\/index.php\/atencion-online\/","title":{"rendered":"Atenci\u00f3n online"},"content":{"rendered":"\n<div class=\"wp-block-image\"><figure class=\"aligncenter size-large is-resized\"><img loading=\"lazy\" decoding=\"async\" src=\"http:\/\/www.erosypsique.es\/wp-content\/uploads\/2021\/04\/atencion-online-dibu-1-1024x899.jpg\" alt=\"\" class=\"wp-image-859\" width=\"261\" height=\"229\" srcset=\"https:\/\/www.erosypsique.es\/wp-content\/uploads\/2021\/04\/atencion-online-dibu-1-1024x899.jpg 1024w, https:\/\/www.erosypsique.es\/wp-content\/uploads\/2021\/04\/atencion-online-dibu-1-300x263.jpg 300w, https:\/\/www.erosypsique.es\/wp-content\/uploads\/2021\/04\/atencion-online-dibu-1-768x674.jpg 768w, https:\/\/www.erosypsique.es\/wp-content\/uploads\/2021\/04\/atencion-online-dibu-1.jpg 1117w\" sizes=\"(max-width: 261px) 100vw, 261px\" \/><\/figure><\/div>\n\n\n<div id=\"lipsum\">\n<p>Ofrecemos tambi\u00e9n la posibilidad de atender en formato on-line, a trav\u00e9s de <strong>videollamada<\/strong>, intentado mantener, como siempre, toda la calidez y profesionalidad posible.\u00a0<\/p>\n<p>Si est\u00e1 lejos. Si eres Millenial o Zillenial , y te sientes m\u00e1s a gusto comunic\u00e1ndote as\u00ed. Si\u00a0 ya nos hemos conocido en el despacho pero te has cambiado de ciudad o pa\u00eds.\u00a0 Si necesitas estar en casa y no puedes desplazarte.\u00a0 O simplemente, porque lo prefieres de \u00e9sta manera. \u00a1Cuenta con ello!\u00a0\u00bfTe animas?\u00a0<\/p>\n<p><strong>\u00a1Estamos cerca de ti!<\/strong><\/p>\n<p>\u00a0<\/p>\n<div id=\"lipsum\">\u00a0<\/div>\n<\/div>","protected":false},"excerpt":{"rendered":"<p>Ofrecemos tambi\u00e9n la posibilidad de atender en formato on-line, a trav\u00e9s de videollamada, intentado mantener, como siempre, toda la calidez y profesionalidad posible. <\/p>\n","protected":false},"author":1,"featured_media":0,"parent":0,"menu_order":0,"comment_status":"closed","ping_status":"closed","template":"","meta":{"footnotes":""},"aioseo_notices":[],"_links":{"self":[{"href":"https:\/\/www.erosypsique.es\/index.php\/wp-json\/wp\/v2\/pages\/33"}],"collection":[{"href":"https:\/\/www.erosypsique.es\/index.php\/wp-json\/wp\/v2\/pages"}],"about":[{"href":"https:\/\/www.erosypsique.es\/index.php\/wp-json\/wp\/v2\/types\/page"}],"author":[{"embeddable":true,"href":"https:\/\/www.erosypsique.es\/index.php\/wp-json\/wp\/v2\/users\/1"}],"replies":[{"embeddable":true,"href":"https:\/\/www.erosypsique.es\/index.php\/wp-json\/wp\/v2\/comments?post=33"}],"version-history":[{"count":9,"href":"https:\/\/www.erosypsique.es\/index.php\/wp-json\/wp\/v2\/pages\/33\/revisions"}],"predecessor-version":[{"id":867,"href":"https:\/\/www.erosypsique.es\/index.php\/wp-json\/wp\/v2\/pages\/33\/revisions\/867"}],"wp:attachment":[{"href":"https:\/\/www.erosypsique.es\/index.php\/wp-json\/wp\/v2\/media?parent=33"}],"curies":[{"name":"wp","href":"https:\/\/api.w.org\/{rel}","templated":true}]}}