{"id":35,"date":"2015-11-18T17:52:27","date_gmt":"2015-11-18T17:52:27","guid":{"rendered":"http:\/\/www.erosypsique.es\/new_eros\/?page_id=35"},"modified":"2021-04-20T12:23:20","modified_gmt":"2021-04-20T12:23:20","slug":"educacion","status":"publish","type":"page","link":"https:\/\/www.erosypsique.es\/index.php\/educacion\/","title":{"rendered":"Educaci\u00f3n y Formaci\u00f3n"},"content":{"rendered":"<div id=\"lipsum\">\n<p style=\"text-align: left;\"><span style=\"color: #009999;\"><span style=\"font-size: large;\"><span style=\"font-family: Windsor, serif;\"><u><b>TALLERES Y CHARLAS<\/b><\/u><\/span><\/span><\/span><\/p>\n<p>Impartimos charlas educativas, de <strong>sensibilizaci\u00f3n, prevenci\u00f3n<\/strong> y de <strong>promoci\u00f3n<\/strong> de la Salud Sexual y Psicol\u00f3gica.<\/p>\n<p><strong>\u00a0<a href=\"http:\/\/www.erosypsique.es\/wp-content\/uploads\/2015\/11\/charla2.jpg\" rel=\"attachment wp-att-107\"><img loading=\"lazy\" decoding=\"async\" class=\"alignleft wp-image-107 size-medium\" src=\"http:\/\/www.erosypsique.es\/wp-content\/uploads\/2015\/11\/charla2-300x225.jpg\" alt=\"charla2\" width=\"300\" height=\"225\" srcset=\"https:\/\/www.erosypsique.es\/wp-content\/uploads\/2015\/11\/charla2-300x225.jpg 300w, https:\/\/www.erosypsique.es\/wp-content\/uploads\/2015\/11\/charla2-768x576.jpg 768w, https:\/\/www.erosypsique.es\/wp-content\/uploads\/2015\/11\/charla2-1024x768.jpg 1024w\" sizes=\"(max-width: 300px) 100vw, 300px\" \/><\/a><\/strong><\/p>\n<p>Tambi\u00e9n realizamos talleres de <strong>educaci\u00f3n afectivo- sexual<\/strong> para distintos colectivos (asociaciones, embarazadas, amas de casa, c\u00e1ncer de mama, separad@s y divorciad@s, centros de mayores, Lgtb,\u2026) \u00a1Y todo enfocado a <strong>vuestra<\/strong><strong>s<\/strong><strong> necesidades!<\/strong><\/p>\n<p>Disponemos tambi\u00e9n de <strong>servicios individualizados<\/strong>, \u00a0que se pueden realizar en el propio despacho a nivel individual o en peque\u00f1os grupos. Por ejemplo para <strong>educar a vuestros hij@s.<\/strong><\/p>\n<p>\u00danicamente ten\u00e9is que poneros en<strong> contacto<\/strong> con nosotras <a href=\"http:\/\/www.erosypsique.es\/new_eros\/index.php\/contacta\/\" target=\"_blank\" rel=\"noopener noreferrer\">Aqu\u00ed<\/a>\u00a0 o por \u00a0<a href=\"http:\/\/www.erosypsique.es\/new_eros\/index.php\/datos-de-contacto\/\" target=\"_blank\" rel=\"noopener noreferrer\">Tel\u00e9fono<\/a>y acudiremos a vuestro centro de trabajo, o vuestro espacio, y as\u00ed podremos establecer una buena comunicaci\u00f3n y conocernos mejor, para poder ofreceros <strong>el mejor servicio<\/strong> posible.<\/p>\n<p style=\"text-align: left;\"><span style=\"color: #009999;\"><span style=\"font-size: large;\"><span style=\"font-family: Windsor, serif;\"><u><b>PROYECTOS EDUCATIVOS<\/b><\/u><\/span><\/span><\/span><\/p>\n<p>Disponemos de varios proyectos enfocados a la\u00a0Formaci\u00f3n y Ense\u00f1anza emocional, y dirigida tanto \u00a0a Instituciones Educativas p\u00fablicas y privadas, como Ayuntamientos, Asociaciones y AMPAs.<\/p>\n<p><strong>\u00a0<\/strong><\/p>\n<p style=\"text-align: left;\"><span style=\"color: #009999;\"><span style=\"font-size: large;\"><span style=\"font-family: Windsor, serif;\"><b>Proyecto Entera- te <\/b><\/span><\/span><\/span><\/p>\n<p>\u00c9ste es un proyecto dirigido especialmente a la Educaci\u00f3n <strong>Sexual y Afectiva<\/strong> para <strong>ni\u00f1@s<\/strong>, y<strong> adolescentes<\/strong>. Se trabajar\u00e1n las actitudes y los conocimientos\u00a0 necesarios para que se enfrenten de una manera <strong>positiva <\/strong>y<strong> saludable<\/strong> al reto que la vida conlleva: El Amor, la pareja y la sexualidad. Aprender\u00e1n a saber quienes son y a expresarse asertivamente en estos terrenos tan importantes, en especial en la Adolescencia<strong><em>. <\/em><\/strong><\/p>\n<p style=\"text-align: center;\"><strong><em><br \/>\n<a href=\"http:\/\/www.erosypsique.es\/wp-content\/uploads\/2015\/11\/PRO.-ENTERA-TE.jpg\" rel=\"attachment wp-att-108\"><img loading=\"lazy\" decoding=\"async\" class=\"aligncenter wp-image-108 size-medium\" src=\"http:\/\/www.erosypsique.es\/wp-content\/uploads\/2015\/11\/PRO.-ENTERA-TE-247x300.jpg\" alt=\"PRO. ENTERA-TE\" width=\"247\" height=\"300\" srcset=\"https:\/\/www.erosypsique.es\/wp-content\/uploads\/2015\/11\/PRO.-ENTERA-TE-247x300.jpg 247w, https:\/\/www.erosypsique.es\/wp-content\/uploads\/2015\/11\/PRO.-ENTERA-TE-768x931.jpg 768w, https:\/\/www.erosypsique.es\/wp-content\/uploads\/2015\/11\/PRO.-ENTERA-TE-845x1024.jpg 845w, https:\/\/www.erosypsique.es\/wp-content\/uploads\/2015\/11\/PRO.-ENTERA-TE.jpg 1893w\" sizes=\"(max-width: 247px) 100vw, 247px\" \/><\/a><\/em><\/strong><strong><em>Lo que aprendan ser\u00e1 una inversi\u00f3n de futuro para su vida sentimental.<\/em><\/strong><\/p>\n<\/div>\n<div id=\"lipsum\">\n<p><span style=\"color: #009999;\"><span style=\"font-size: large;\"><span style=\"font-family: Windsor, serif;\"><b>Proyecto Sexducando <\/b><\/span><\/span><\/span><\/p>\n<p>Es una <strong>formaci\u00f3n integral<\/strong> en sexualidad para <strong>familias <\/strong>y<strong> educadores<\/strong>. Se abordar\u00e1n tambi\u00e9n los principales miedos e inquietudes acerca de la sexualidad de vuestros hij@s, para que as\u00ed sep\u00e1is c\u00f3mo actuar y transmitir de la mejor forma posible todo esto a l@s vuestr@s.<\/p>\n<p><strong><em><a href=\"http:\/\/www.erosypsique.es\/wp-content\/uploads\/2015\/11\/sexducando.jpg\" rel=\"attachment wp-att-109\"><img loading=\"lazy\" decoding=\"async\" class=\"aligncenter wp-image-109 size-medium\" src=\"http:\/\/www.erosypsique.es\/wp-content\/uploads\/2015\/11\/sexducando-300x215.jpg\" alt=\"sexducando\" width=\"300\" height=\"215\" srcset=\"https:\/\/www.erosypsique.es\/wp-content\/uploads\/2015\/11\/sexducando-300x215.jpg 300w, https:\/\/www.erosypsique.es\/wp-content\/uploads\/2015\/11\/sexducando-768x551.jpg 768w, https:\/\/www.erosypsique.es\/wp-content\/uploads\/2015\/11\/sexducando-1024x735.jpg 1024w, https:\/\/www.erosypsique.es\/wp-content\/uploads\/2015\/11\/sexducando.jpg 1843w\" sizes=\"(max-width: 300px) 100vw, 300px\" \/><\/a><\/em><\/strong><\/p>\n<p style=\"text-align: center;\"><strong><em>No se puede dar aquello de lo que se carece<\/em><\/strong><\/p>\n<p><strong><em>\u00a0<\/em><\/strong><\/p>\n<\/div>\n<div id=\"lipsum\">\n<p><span style=\"color: #009999;\"><span style=\"font-size: large;\"><span style=\"font-family: Windsor, serif;\"><b>Proyecto \u00abEros en la Red\u00bb<\/b><\/span><\/span><\/span><\/p>\n<p>Proyecto de educaci\u00f3n en <strong>sexualidad <\/strong>y<strong> nuevas tecnolog\u00edas<\/strong>. Enfocado a prevenir y entender el fen\u00f3meno del \u201csexting\u201d, as\u00ed como la influencia del consumo de pornograf\u00eda tradicional\u00a0 \u00a0que tantos problemas est\u00e1 causando entre los m\u00e1s j\u00f3venes. Se aborda desde una visi\u00f3n<strong> realista<\/strong>, es decir, ni alarmista, ni indiferente. Y sobre todo se educa, pero no desde el miedo o el peligro, ya que los estudios han demostrado que no es efectivo. Tenemos que educar, no prohibir.<\/p>\n<p style=\"text-align: center;\"><strong><br \/>\n<a href=\"http:\/\/www.erosypsique.es\/wp-content\/uploads\/2015\/11\/Laura-Cruz-Proyecto-Sexting-1.jpg\" rel=\"attachment wp-att-110\"><img loading=\"lazy\" decoding=\"async\" class=\"aligncenter wp-image-110 size-medium\" src=\"http:\/\/www.erosypsique.es\/wp-content\/uploads\/2015\/11\/Laura-Cruz-Proyecto-Sexting-1-300x212.jpg\" alt=\"Laura Cruz Proyecto Sexting\" width=\"300\" height=\"212\" srcset=\"https:\/\/www.erosypsique.es\/wp-content\/uploads\/2015\/11\/Laura-Cruz-Proyecto-Sexting-1-300x212.jpg 300w, https:\/\/www.erosypsique.es\/wp-content\/uploads\/2015\/11\/Laura-Cruz-Proyecto-Sexting-1-768x543.jpg 768w, https:\/\/www.erosypsique.es\/wp-content\/uploads\/2015\/11\/Laura-Cruz-Proyecto-Sexting-1-1024x724.jpg 1024w\" sizes=\"(max-width: 300px) 100vw, 300px\" \/><\/a><\/strong><strong>\u00ab<em>Un nuevo espectro recorre el mundo: las Nuevas Tecnolog\u00edas. A su conjuro ambivalente se concitan los temores y se alumbran las esperanzas de nuestras sociedades en crisis<\/em>\u00bb <\/strong>(Castells, 1986)<\/p>\n<\/div>\n<div id=\"lipsum\">\n<p style=\"text-align: left;\"><strong>\u00a0<\/strong><\/p>\n<p><span style=\"color: #009999;\"><span style=\"font-size: large;\"><span style=\"font-family: Windsor, serif;\"><b>Proyecto Emociona- te <\/b><\/span><\/span><\/span><\/p>\n<p>Intentado cubrir los vac\u00edos en educaci\u00f3n emocional en el \u00e1mbito acad\u00e9mico, creemos que es imprescindible formar a <strong>\u201cpersonas inteligentes emocionalmente\u201d<\/strong> desde la ni\u00f1ez y la adolescencia.<\/p>\n<p>Por eso hemos elaborado este proyecto, en el que se trabajar\u00e1n el autoconcepto, la autoestima, la empat\u00eda, y la asertividad\u00a0 ante la presi\u00f3n de grupo.<\/p>\n<p style=\"text-align: center;\"><a href=\"http:\/\/www.erosypsique.es\/wp-content\/uploads\/2015\/11\/PROYECTO-EMOCIONA-TE.jpg\" rel=\"attachment wp-att-112\"><img loading=\"lazy\" decoding=\"async\" class=\"aligncenter wp-image-112 size-medium\" src=\"http:\/\/www.erosypsique.es\/wp-content\/uploads\/2015\/11\/PROYECTO-EMOCIONA-TE-218x300.jpg\" alt=\"PROYECTO EMOCIONA-TE\" width=\"218\" height=\"300\" srcset=\"https:\/\/www.erosypsique.es\/wp-content\/uploads\/2015\/11\/PROYECTO-EMOCIONA-TE-218x300.jpg 218w, https:\/\/www.erosypsique.es\/wp-content\/uploads\/2015\/11\/PROYECTO-EMOCIONA-TE-768x1056.jpg 768w, https:\/\/www.erosypsique.es\/wp-content\/uploads\/2015\/11\/PROYECTO-EMOCIONA-TE-744x1024.jpg 744w, https:\/\/www.erosypsique.es\/wp-content\/uploads\/2015\/11\/PROYECTO-EMOCIONA-TE.jpg 977w\" sizes=\"(max-width: 218px) 100vw, 218px\" \/><\/a><strong>\u201c<em>Educar la mente sin educar el coraz\u00f3n, no es educar en absoluto<\/em>\u201d Arist\u00f3teles<\/strong><\/p>\n<p style=\"text-align: center;\">\n<\/div>\n<div id=\"lipsum\">\n<p><strong>\u00a0<\/strong><\/p>\n<p><span style=\"color: #009999;\"><span style=\"font-size: large;\"><span style=\"font-family: Windsor, serif;\"><b>Proyecto \u201cPaz de g\u00e9nero\u201d<\/b><\/span><\/span><\/span><\/p>\n<p>No es necesario aportar datos num\u00e9ricos acerca del fen\u00f3meno de la \u201cViolencia machista\u201d, \u201csexista\u201d o de \u201cg\u00e9nero\u201d en nuestro pa\u00eds, puesto que casi todos los d\u00edas podemos verlo en los medios de comunicaci\u00f3n.<\/p>\n<p>Se hace evidente por tanto la necesidad de implantar proyectos de<strong> prevenci\u00f3n <\/strong>que apoyen y orienten a los estudiantes\u00a0 a enfocar estos problemas. Por eso y con toda la ilusi\u00f3n queremos ofreceros nuestro propio proyecto, hecho desde una \u00f3ptica m\u00e1s positiva y optimista, para trabajar desde los <strong>beneficios<\/strong> de la <strong>igualdad entre los sexos<\/strong> y no desde los perjuicios de la desigualdad. Tenemos que <strong>motivar<\/strong> a nuestros j\u00f3venes a desear la equidad, y ponerla en pr\u00e1ctica. Eros y Psique est\u00e1n convencidos de que <em>ah\u00ed est\u00e1 la clave<\/em>.<\/p>\n<p><a href=\"http:\/\/www.erosypsique.es\/wp-content\/uploads\/2015\/11\/paz-de-g\u00e9nero.jpg\" rel=\"attachment wp-att-113\"><img loading=\"lazy\" decoding=\"async\" class=\"aligncenter wp-image-113 size-medium\" src=\"http:\/\/www.erosypsique.es\/wp-content\/uploads\/2015\/11\/paz-de-g\u00e9nero-e1453121014671-300x259.jpg\" alt=\"paz de g\u00e9nero\" width=\"300\" height=\"259\" srcset=\"https:\/\/www.erosypsique.es\/wp-content\/uploads\/2015\/11\/paz-de-g\u00e9nero-e1453121014671-300x259.jpg 300w, https:\/\/www.erosypsique.es\/wp-content\/uploads\/2015\/11\/paz-de-g\u00e9nero-e1453121014671-768x662.jpg 768w, https:\/\/www.erosypsique.es\/wp-content\/uploads\/2015\/11\/paz-de-g\u00e9nero-e1453121014671-1024x883.jpg 1024w, https:\/\/www.erosypsique.es\/wp-content\/uploads\/2015\/11\/paz-de-g\u00e9nero-e1453121014671.jpg 1333w\" sizes=\"(max-width: 300px) 100vw, 300px\" \/><\/a><\/p>\n<p style=\"text-align: center;\"><strong><em>\u00abNunca se entra, por la violencia, dentro de un coraz\u00f3n.\u00bb Moli\u00e8re<\/em><\/strong><\/p>\n<div id=\"lipsum\"><\/div>\n<\/div>\n","protected":false},"excerpt":{"rendered":"<p>Proyectos educativos, Charlas, Talleres, Cursos.Promoci\u00f3n de la Salud Sexual y Emocional. Educaci\u00f3n individualizada, o en peque\u00f1os grupos. \u00a1Siempre enfocado a vuestras necesidades! <\/p>\n","protected":false},"author":1,"featured_media":0,"parent":0,"menu_order":0,"comment_status":"closed","ping_status":"closed","template":"","meta":{"footnotes":""},"aioseo_notices":[],"_links":{"self":[{"href":"https:\/\/www.erosypsique.es\/index.php\/wp-json\/wp\/v2\/pages\/35"}],"collection":[{"href":"https:\/\/www.erosypsique.es\/index.php\/wp-json\/wp\/v2\/pages"}],"about":[{"href":"https:\/\/www.erosypsique.es\/index.php\/wp-json\/wp\/v2\/types\/page"}],"author":[{"embeddable":true,"href":"https:\/\/www.erosypsique.es\/index.php\/wp-json\/wp\/v2\/users\/1"}],"replies":[{"embeddable":true,"href":"https:\/\/www.erosypsique.es\/index.php\/wp-json\/wp\/v2\/comments?post=35"}],"version-history":[{"count":10,"href":"https:\/\/www.erosypsique.es\/index.php\/wp-json\/wp\/v2\/pages\/35\/revisions"}],"predecessor-version":[{"id":847,"href":"https:\/\/www.erosypsique.es\/index.php\/wp-json\/wp\/v2\/pages\/35\/revisions\/847"}],"wp:attachment":[{"href":"https:\/\/www.erosypsique.es\/index.php\/wp-json\/wp\/v2\/media?parent=35"}],"curies":[{"name":"wp","href":"https:\/\/api.w.org\/{rel}","templated":true}]}}