{"id":65,"date":"2016-01-15T18:09:36","date_gmt":"2016-01-15T18:09:36","guid":{"rendered":"http:\/\/www.erosypsique.es\/new_eros\/?page_id=65"},"modified":"2021-04-26T19:36:05","modified_gmt":"2021-04-26T19:36:05","slug":"trayectoria","status":"publish","type":"page","link":"https:\/\/www.erosypsique.es\/index.php\/trayectoria\/","title":{"rendered":"Trayectoria"},"content":{"rendered":"<p align=\"JUSTIFY\"><span style=\"color: #009999;\"><span style=\"font-size: large;\"><span style=\"font-family: Windsor, serif;\"><b>QUI\u00c9N SOY<\/b><\/span><\/span><\/span><\/p>\n<p>Mi nombre es Laura y soy <strong>Psic\u00f3loga, especialista en Sexualidad Humana y Pareja<\/strong>. He fundado <em>Eros y Psique, Alicante <\/em>con la mayor de las ilusiones y entusiasmo.<\/p>\n<p>Soy una persona extrovertida, comprensiva, apasionada, espont\u00e1nea, luchadora, valiente, fiel y acogedora. Intento ser solidaria y aut\u00e9ntica en todo momento. Y s\u00ed, tambi\u00e9n me equivoco a veces y por supuesto sufro, como todo el mundo.<\/p>\n<p><a href=\"http:\/\/www.erosypsique.es\/wp-content\/uploads\/2016\/01\/tv1.jpg\" rel=\"attachment wp-att-100\"><img loading=\"lazy\" decoding=\"async\" class=\"alignleft wp-image-100 size-medium\" src=\"http:\/\/www.erosypsique.es\/wp-content\/uploads\/2016\/01\/tv1-300x169.jpg\" alt=\"tv1\" width=\"300\" height=\"169\" srcset=\"https:\/\/www.erosypsique.es\/wp-content\/uploads\/2016\/01\/tv1-300x169.jpg 300w, https:\/\/www.erosypsique.es\/wp-content\/uploads\/2016\/01\/tv1-768x432.jpg 768w, https:\/\/www.erosypsique.es\/wp-content\/uploads\/2016\/01\/tv1.jpg 959w\" sizes=\"(max-width: 300px) 100vw, 300px\" \/><\/a><\/p>\n<p>Adoro el mundo de la cultura\u00a0 y el arte, y de hecho intento llevarlo siempre \u201cde la mano\u201d en mi trabajo cotidiano, relacion\u00e1ndolo con la sexualidad.<\/p>\n<p>Tengo el firme prop\u00f3sito de seguir creciendo\u00a0 y seguir trabajando para las personas que desean mejorar su vida personal, amorosa y sexual, o la de los suyos. Ya sea de forma individual o en pareja, consiguiendo que <strong>se sientan mejor consigo mismas<\/strong> y que esto les conduzca a una mayor <strong>plenitud vital<\/strong>.<\/p>\n<p>Mis clientes son AMPAs, IES, Instituciones p\u00fablicas y\u00a0 privadas, as\u00ed como parejas y\u00a0 personas con ganas de aprender y mejorar.<\/p>\n<p style=\"text-align: left;\"><span style=\"color: #009999;\"><span style=\"font-size: large;\"><span style=\"font-family: Windsor, serif;\"><b>MI HISTORIA\u00a0 \u00a0<\/b><\/span><\/span><\/span><\/p>\n<p>En un lugar de la Mancha\u2026<\/p>\n<p>Nac\u00ed un 26 de Junio en Albacete, tierra donde crec\u00ed y me cri\u00e9, y que indudablemente ha dejado esa \u201cimpronta manchega\u201d en m\u00ed, f\u00e1cilmente reconocible por todas aquellas personas que me conocen.<\/p>\n<p><a href=\"http:\/\/www.erosypsique.es\/wp-content\/uploads\/2016\/01\/foto01.jpg\" rel=\"attachment wp-att-90\"><img loading=\"lazy\" decoding=\"async\" class=\"alignleft wp-image-90 size-medium\" src=\"http:\/\/www.erosypsique.es\/wp-content\/uploads\/2016\/01\/foto01-117x300.jpg\" alt=\"foto01\" width=\"117\" height=\"300\" srcset=\"https:\/\/www.erosypsique.es\/wp-content\/uploads\/2016\/01\/foto01-117x300.jpg 117w, https:\/\/www.erosypsique.es\/wp-content\/uploads\/2016\/01\/foto01.jpg 250w\" sizes=\"(max-width: 117px) 100vw, 117px\" \/><\/a><\/p>\n<p>Mi infancia y adolescencia discurrieron, como casi todas por aquel entonces, jugando en la calle, con mi pandilla de vecinos y amigos, viendo \u201cV\u201d, la Bola de Cristal y Verano Azul entre otras cosas\u2026. y por supuesto, imitando a Madonna. Ya desde peque\u00f1a sent\u00eda que quer\u00eda ser una mujer diferente, provocadora, independiente y libre. Fui una ni\u00f1a sensible y protectora, siempre estaba dispuesta para escuchar los problemas de los dem\u00e1s, pero adem\u00e1s tambi\u00e9n era traviesa y rebelde, me pasaba la vida pregunt\u00e1ndome el \u201cporqu\u00e9\u201d de todo y plante\u00e1ndome muchas cosas, como por ejemplo, porqu\u00e9 los ni\u00f1os no limpiaban en sus casas y a nosotras nos obligaban, etc.\u2026vamos, que desde peque\u00f1a he intentado que el mundo fuese un poco m\u00e1s \u201cjusto\u201d.<\/p>\n<p>S\u00f3lo hubo algo que si fue diferente a la infancia de mis amigas\/os, y que contribuy\u00f3, junto con todo lo dem\u00e1s, a formar mi car\u00e1cter. Y es que mi historia familiar siempre fue complicada, lo que me hizo madurar y empatizar con los dem\u00e1s ya desde entonces. En plena adolescencia, a la edad de 13 a\u00f1os mis padres se separaron, y en aquel entonces no era lo habitual todav\u00eda, lo que influy\u00f3 en mi b\u00fasqueda hac\u00eda el entendimiento de esas \u201ccosas\u201d que ten\u00edan que ver con los \u201c<em>asuntos del amor<\/em>\u201d.<\/p>\n<p>Pero seguramente, el suceso definitivo que me llev\u00f3 a emprender mi camino hacia el conocimiento del ser humano, de las relaciones personales, del amor y de la sexualidad, fue mi primer desenga\u00f1o amoroso. No el m\u00e1s desgarrador, pero s\u00ed el primero, y por ello el revulsivo necesario y primigenio. Con la edad de 17 a\u00f1os sent\u00ed que se hab\u00eda roto mi coraz\u00f3n, que jam\u00e1s podr\u00eda volver a enamorarme y que \u201c<em>esto del amor es algo muy duro\u201d<\/em>. Hoy al escribir estas palabras no puedo hacerlo sin que una sonrisa y una mueca de simpat\u00eda aparezcan en mi cara, al tiempo que una voz c\u00f3mplice resuena en mi interior dici\u00e9ndome \u201cmadre m\u00eda\u2026.con todo lo que has amado y amas\u2026..\u201d Y a pesar de que en esos momentos lo pasara tan mal, hoy doy las gracias, porque fue eso lo que me llev\u00f3 a coger todos los libros de filosof\u00eda, psicolog\u00eda e incluso poes\u00eda que hab\u00eda por mi casa, para devorarlos, intentado llenar el sentimiento de vac\u00edo de aqu\u00e9l que no comprende y que acaba de sentirse abandonado.<\/p>\n<p><a href=\"http:\/\/www.erosypsique.es\/wp-content\/uploads\/2016\/01\/foto02.jpg\" rel=\"attachment wp-att-91\"><img loading=\"lazy\" decoding=\"async\" class=\"alignleft wp-image-91 size-medium\" src=\"http:\/\/www.erosypsique.es\/wp-content\/uploads\/2016\/01\/foto02-241x300.jpg\" alt=\"foto02\" width=\"241\" height=\"300\" srcset=\"https:\/\/www.erosypsique.es\/wp-content\/uploads\/2016\/01\/foto02-241x300.jpg 241w, https:\/\/www.erosypsique.es\/wp-content\/uploads\/2016\/01\/foto02.jpg 531w\" sizes=\"(max-width: 241px) 100vw, 241px\" \/><\/a><\/p>\n<p>Y as\u00ed fue como encontr\u00e9 a Eric Fromm, a Freud, a Neruda y a Ortega y Gasset, entre muchos otros, y s\u00ed, perd\u00ed el Miedo a la Libertad y ya de paso le ech\u00e9 la culpa a mis padres de todo lo dem\u00e1s, jejejeje.<\/p>\n<p>A\u00f1os despu\u00e9s, el camino que comenz\u00f3 con esa b\u00fasqueda me llev\u00f3 hasta Valencia, donde inici\u00e9 mis estudios en <strong>Psicolog\u00eda<\/strong>. Hab\u00eda encontrado \u201cmi lugar\u201d en el mundo, y todo ten\u00eda sentido para m\u00ed. Fueron a\u00f1os maravillosos, que recuerdo con mucho cari\u00f1o, no paraba de aprender, adoraba ir a clase y escuchar a mis profesores y adem\u00e1s conoc\u00ed a personas con los mismos intereses que yo, mis compa\u00f1eros.<\/p>\n<p>Pod\u00edamos pasarnos horas y horas hablando y debatiendo de esto y de aquello, y por fin las pel\u00edculas de Woody Allen y sus personajes ya no me parec\u00edan algo lejano y anhelado, pues nuestras conversaciones bien podr\u00edan haber salido de cualquiera de los di\u00e1logos de sus guiones.<\/p>\n<p><a href=\"http:\/\/www.erosypsique.es\/wp-content\/uploads\/2016\/01\/foto03.jpg\" rel=\"attachment wp-att-92\"><img loading=\"lazy\" decoding=\"async\" class=\"alignright wp-image-92 size-medium\" src=\"http:\/\/www.erosypsique.es\/wp-content\/uploads\/2016\/01\/foto03-300x244.jpg\" alt=\"foto03\" width=\"300\" height=\"244\" srcset=\"https:\/\/www.erosypsique.es\/wp-content\/uploads\/2016\/01\/foto03-300x244.jpg 300w, https:\/\/www.erosypsique.es\/wp-content\/uploads\/2016\/01\/foto03.jpg 653w\" sizes=\"(max-width: 300px) 100vw, 300px\" \/><\/a><\/p>\n<p>Para rematar mi Licenciatura tuve la suerte de realizar mis pr\u00e1cticas en el Instituto de Terapia e Investigaci\u00f3n Sexol\u00f3gica \u201c<strong>Intesex<\/strong>\u201d, que influy\u00f3 irremediablemente tambi\u00e9n en mi trayectoria personal y profesional, pues descubr\u00ed un \u201cmundo nuevo\u201d que no me hab\u00edan mostrado en la Facultad. Desde luego fue una experiencia impactante que cambi\u00f3 mi vida y mi manera de interpretar el mundo, y las relaciones amorosas en concreto.<\/p>\n<p>Al finalizar esta etapa comenc\u00e9 a trabajar en la Comunidad Valenciana, para <strong>Pau Education, SL<\/strong>., que me brind\u00f3 mi primera oportunidad para descubrir una de mis pasiones, la educaci\u00f3n y el trabajo con los adolescentes. Durante dos a\u00f1os estuve implicada en el Proyecto \u201cLa adolescencia y t\u00fa\u201d\u00a0 llevando a cabo charlas en IES y Colegios, sobre la pubertad y los cambios que se dan en la misma.\u00a0 Fue mi primera experiencia como \u201ceducadora sexual\u201d tambi\u00e9n, y lo recuerdo como algo maravilloso, pues todos los chicos y chicas se acercaban a contarme sus dudas, sus enamoramientos, sus miedos, etc.\u2026alg\u00fan a\u00f1o despu\u00e9s incluso llegaban\u00a0 mails de las algunas chicas con las que habl\u00e9. Para m\u00ed fue un trabajo precioso.<\/p>\n<p><a href=\"http:\/\/www.erosypsique.es\/wp-content\/uploads\/2016\/01\/foto04.jpg\" rel=\"attachment wp-att-93\"><img loading=\"lazy\" decoding=\"async\" class=\"alignleft wp-image-93 size-medium\" src=\"http:\/\/www.erosypsique.es\/wp-content\/uploads\/2016\/01\/foto04-225x300.jpg\" alt=\"foto04\" width=\"225\" height=\"300\" srcset=\"https:\/\/www.erosypsique.es\/wp-content\/uploads\/2016\/01\/foto04-225x300.jpg 225w, https:\/\/www.erosypsique.es\/wp-content\/uploads\/2016\/01\/foto04-768x1024.jpg 768w, https:\/\/www.erosypsique.es\/wp-content\/uploads\/2016\/01\/foto04.jpg 1704w\" sizes=\"(max-width: 225px) 100vw, 225px\" \/><\/a><\/p>\n<p>Por otro lado y m\u00e1s adelante comenc\u00e9 a pasar consulta en un <strong>Centro Sanitario<\/strong>, y recuerdo que de todos los casos que iba teniendo, todos aquellos que ten\u00edan que ver con relaciones de pareja, duelos amorosos, miedos y dudas con el sexo, infidelidades, enamoramientos y relaciones sexuales, guerra de los sexos, preocupaci\u00f3n por la orientaci\u00f3n sexual, etc.\u2026 eran los que m\u00e1s ocupaban mi inter\u00e9s y mi devoci\u00f3n.<\/p>\n<p>As\u00ed que un buen d\u00eda y en plena crisis me arm\u00e9 de valor y decid\u00ed que ten\u00eda que seguir mi camino, que ten\u00eda que ser valiente e intentar transformar toda esa pasi\u00f3n en mi profesi\u00f3n y especializarme como Sex\u00f3loga. Y as\u00ed lo hice, en 2010 me centr\u00e9 casi exclusivamente en ello y comenc\u00e9 mis clases en el <strong>M\u00e1ster Oficial en Sexolog\u00eda<\/strong>. Me propuse dar lo mejor de m\u00ed, ya que hab\u00eda arriesgado mucho, y ten\u00eda que demostrarme a m\u00ed misma que no me hab\u00eda equivocado, que hice bien, que yo estaba destinada a esto y que ten\u00eda talento para ello. El reto fue duro y el esfuerzo en ocasiones doloroso, pero para m\u00ed vali\u00f3 la pena, pues me siento muy orgullosa de lo que hice, de mis trabajos y mis reflexiones, de mis renuncias, de las sorpresas y las decepciones, y de mi actitud idealista hac\u00eda esta profesi\u00f3n, que bien pensado llevo dentro de m\u00ed desde \u201ccasi\u201d siempre.<\/p>\n<p><a href=\"http:\/\/www.erosypsique.es\/wp-content\/uploads\/2016\/01\/premio-2.jpg\" rel=\"attachment wp-att-101\"><img loading=\"lazy\" decoding=\"async\" class=\"alignright wp-image-101 size-medium\" src=\"http:\/\/www.erosypsique.es\/wp-content\/uploads\/2016\/01\/premio-2-300x300.jpg\" alt=\"premio\" width=\"300\" height=\"300\" srcset=\"https:\/\/www.erosypsique.es\/wp-content\/uploads\/2016\/01\/premio-2-300x300.jpg 300w, https:\/\/www.erosypsique.es\/wp-content\/uploads\/2016\/01\/premio-2-150x150.jpg 150w, https:\/\/www.erosypsique.es\/wp-content\/uploads\/2016\/01\/premio-2-230x230.jpg 230w, https:\/\/www.erosypsique.es\/wp-content\/uploads\/2016\/01\/premio-2-330x330.jpg 330w, https:\/\/www.erosypsique.es\/wp-content\/uploads\/2016\/01\/premio-2.jpg 517w\" sizes=\"(max-width: 300px) 100vw, 300px\" \/><\/a><\/p>\n<p>En 2013 recib\u00ed un <strong>premio<\/strong> por tener el mejor expediente de mi promoci\u00f3n, y la verdad es que gracias a eso y a el cari\u00f1o de algunas\/os de mis compa\u00f1eros\/as siento que logr\u00e9 lo que me hab\u00eda propuesto.<\/p>\n<p>Desde siempre mi prioridad ha sido <strong>estar a la altura<\/strong> de todas esas personas que depositan su confianza en m\u00ed y seguir trabajando y aprendiendo para ello. Pues toda esa confianza me da mucho m\u00e1s a m\u00ed que cualquier otra cosa.<\/p>\n<p>Ahora comprendo porque algunas de mis amigas del Insti, se giraban a mirarme cuando alg\u00fan profesor nos pon\u00eda una pel\u00edcula de \u201camor\u201d en clase. Porque ellas ya sab\u00edan qui\u00e9n era yo y cu\u00e1l ser\u00eda mi historia, a m\u00ed s\u00f3lo me han hecho falta todos estos a\u00f1os para darme cuenta.<\/p>\n<p>FDO.<\/p>\n<p>Laura Cruz<\/p>\n<p><strong>\u00a0<\/strong><\/p>\n<p><span style=\"color: #009999;\"><span style=\"font-size: large;\"><span style=\"font-family: Windsor, serif;\"><b>MI TRAYECTORIA<\/b><\/span><\/span><\/span><\/p>\n<p>Mi formaci\u00f3n como Psic\u00f3loga y Sex\u00f3loga se ha ido desarrollando a lo largo de m\u00e1s de 20 a\u00f1os de <strong>experiencia acad\u00e9mica y laboral<\/strong>, formaci\u00f3n que contin\u00faa en proceso para estar al d\u00eda en mi profesi\u00f3n. Entre las funciones desempe\u00f1adas y cargos ejercidos destacan: <strong>Sex\u00f3loga, \u00a0Psic\u00f3loga, Directora Centro M\u00e9dico, Formadora y Educadora social y Tutora de Pr\u00e1cticum.<\/strong><\/p>\n<p><strong>\u00a0<\/strong><\/p>\n<p>Compagino mi trabajo en Consulta, con\u00a0 la\u00a0 Educaci\u00f3n y la Formaci\u00f3n.\u00a0 As\u00ed mismo estoy comenzando a <strong>gestionar equipos<\/strong> de profesionales en sexolog\u00eda y <strong>coordino diferentes proyectos<\/strong> relacionados con la sexualidad juvenil. Realizo Charlas y Talleres para Ampa,s, IES, Colegios y Asociaciones. He participado como <strong>ponente y conferenciante<\/strong> en distintos Congresos y Jornadas, entre ellos para la Diputaci\u00f3n de Alicante.<\/p>\n<p>Desde el 2017 adem\u00e1s <strong>trabajo con distintas Universidades<\/strong>. En la UMH (Universidad Miguel Hern\u00e1ndez) como tutora de pr\u00e1cticas. Y con la UEV (Universidad Europea de Valencia) como profesora invitada desde el 2018, donde doy clases sobre sexualidad y dificultades sexuales, en el M\u00e1ster de Psicolog\u00eda General Sanitaria.<\/p>\n<p>Tambi\u00e9n desde 2018 soy <strong>Embajadora de Espa\u00f1a<\/strong> del <strong>proyecto educativo mundial\u00a0 \u00abThe porn conversation\u00bb\u00a0<\/strong><\/p>\n<p>Recientemente he comenzado a escribir un libro, lo que supone un gran reto para m\u00ed, porque me asusta, sin embargo \u00a1me ilusiona!\u00a0 y espero poder corresponder con creces la confianza que mi editora ha depositado en m\u00ed.<\/p>\n<p>Soy una profesional responsable, comunicativa, comprensiva y comprometida con los actuales desaf\u00edos \u00a0que plantean las relaciones sexuales y las relaciones de pareja. Para m\u00ed lo m\u00e1s importante es el bienestar y la confianza de aquellos que acuden a m\u00ed.<\/p>\n<p><span style=\"color: #009999;\"><span style=\"font-size: large;\"><b><span style=\"font-family: Windsor, serif;\">MI CURR\u00cdCULUM<\/span><\/b><\/span><\/span><\/p>\n<p>Puedes acceder a \u00e9l pinchando <a href=\"https:\/\/es.linkedin.com\/in\/laura-cruz-g%C3%B3mez-0a620193\" target=\"_blank\" rel=\"noopener noreferrer\">Aqu\u00ed<\/a><\/p>\n<p><span style=\"color: #009999;\"><span style=\"font-size: large;\"><span style=\"font-family: Windsor, serif;\"><b>\u00bfPOR QU\u00c9 EROS Y PSIQUE?<\/b><\/span><\/span><\/span><\/p>\n<p>En Agosto de 2009 realic\u00e9 uno de mis viajes favoritos a la ciudad de Manhattan, New York, fue all\u00ed d\u00f3nde tuve la suerte de descubrir la fant\u00e1stica <strong>escultura de C\u00e1nova<\/strong>, <em>\u201cEros y psique\u201d<\/em> en el Metropolitan.<\/p>\n<p><a href=\"http:\/\/www.erosypsique.es\/wp-content\/uploads\/2016\/01\/new-york.jpg\" rel=\"attachment wp-att-96\"><img loading=\"lazy\" decoding=\"async\" class=\"alignleft wp-image-96 size-thumbnail\" src=\"http:\/\/www.erosypsique.es\/wp-content\/uploads\/2016\/01\/new-york-150x150.jpg\" alt=\"\" width=\"150\" height=\"150\" srcset=\"https:\/\/www.erosypsique.es\/wp-content\/uploads\/2016\/01\/new-york-150x150.jpg 150w, https:\/\/www.erosypsique.es\/wp-content\/uploads\/2016\/01\/new-york-230x230.jpg 230w, https:\/\/www.erosypsique.es\/wp-content\/uploads\/2016\/01\/new-york-330x330.jpg 330w\" sizes=\"(max-width: 150px) 100vw, 150px\" \/><\/a><\/p>\n<p>Desde entonces esta escultura, as\u00ed como el mito en el que est\u00e1 inspirada, ha formado <strong>parte de mi vida personal y profesional de una manera u otra.<\/strong><\/p>\n<p>Una de las primeras apariciones del amor, en el sentido estricto de la palabra, es el cuento de Eros y Psique (del libro de Apuleyo<em>, El asno de oro o La metamorfosis<\/em>). El cuento anuncia una visi\u00f3n del amor destinada a cambiar, quiz\u00e1s, la historia amorosa de Occidente, influyendo en la forma de comprender el amor y las relaciones de hoy en d\u00eda.<\/p>\n<p><a href=\"http:\/\/www.erosypsique.es\/wp-content\/uploads\/2016\/01\/museo1.jpg\" rel=\"attachment wp-att-97\"><img loading=\"lazy\" decoding=\"async\" class=\"aligncenter wp-image-97 size-thumbnail\" src=\"http:\/\/www.erosypsique.es\/wp-content\/uploads\/2016\/01\/museo1-150x150.jpg\" alt=\"S\" width=\"150\" height=\"150\" srcset=\"https:\/\/www.erosypsique.es\/wp-content\/uploads\/2016\/01\/museo1-150x150.jpg 150w, https:\/\/www.erosypsique.es\/wp-content\/uploads\/2016\/01\/museo1-230x230.jpg 230w, https:\/\/www.erosypsique.es\/wp-content\/uploads\/2016\/01\/museo1-330x330.jpg 330w\" sizes=\"(max-width: 150px) 100vw, 150px\" \/><\/a><\/p>\n<p>Si pinchas <a href=\"http:\/\/pompilos.org\/eros\/\" target=\"_blank\" rel=\"noopener noreferrer\">Aqu\u00ed<\/a>\u00a0podr\u00e1s descubrir esta fant\u00e1stica historia en forma de cuento y conseguir un \u00a0 \u00abremedio de amor\u00bb.<\/p>\n<p><span style=\"color: #009999;\"><span style=\"font-family: Windsor, serif;\"><b>C\u00d3MO TRABAJO<\/b><\/span><\/span><\/p>\n<p>Lo primero que hago es establecer un ambiente de <strong>confianza mutua<\/strong>. En la primera sesi\u00f3n b\u00e1sicamente me dedico a <strong>escuchar \u201cde verdad\u201d<\/strong> y comprender qu\u00e9 sientes o qu\u00e9 te sucede. Comenzaremos una <strong>fase de valoraci\u00f3n<\/strong> y posteriormente entre ambos estableceremos un compromiso de trabajo y nos pondremos \u201cmanos a la obra\u201d para conseguir los objetivos que deseas.<\/p>\n<p><a href=\"http:\/\/www.erosypsique.es\/wp-content\/uploads\/2016\/01\/trabajando.jpg\" rel=\"attachment wp-att-89\"><img loading=\"lazy\" decoding=\"async\" class=\"alignleft wp-image-89 size-medium\" src=\"http:\/\/www.erosypsique.es\/wp-content\/uploads\/2016\/01\/trabajando-300x169.jpg\" alt=\"trabajando\" width=\"300\" height=\"169\" srcset=\"https:\/\/www.erosypsique.es\/wp-content\/uploads\/2016\/01\/trabajando-300x169.jpg 300w, https:\/\/www.erosypsique.es\/wp-content\/uploads\/2016\/01\/trabajando-768x432.jpg 768w, https:\/\/www.erosypsique.es\/wp-content\/uploads\/2016\/01\/trabajando.jpg 958w\" sizes=\"(max-width: 300px) 100vw, 300px\" \/><\/a><\/p>\n<p>Una vez conseguido el ambiente necesario de confianza, se podr\u00e1 elaborar un plan de actuaci\u00f3n conjunta y se pondr\u00e1n en marcha las estrategias necesarias (basadas en la evidencia cient\u00edfica) m\u00e1s adecuadas en cada caso.<\/p>\n<p>Para ello utilizo <strong>t\u00e9cnicas, herramientas <\/strong>que han mostrado ser eficaces desde el \u00e1mbito de la Psicolog\u00eda y la Sexolog\u00eda. <strong>Aprender\u00e1s<\/strong> muchas cosas que mejorar\u00e1n tu vida: Conceptos, ideas, pautas y <strong>\u00a1hasta cultura!<\/strong> Saldr\u00e1s m\u00e1s cultivad@ y ser\u00e1 una <strong>inversi\u00f3n de futuro<\/strong>, pues lo que aprendas te servir\u00e1 para siempre.<\/p>\n<p>En las sesiones charlaremos, debatiremos, reflexionaremos, pensaremos, incluso veremos cine como apoyo para aprender algunas cosas. A lo mejor lloras\u2026. pero tambi\u00e9n te reir\u00e1s. Te lo aseguro.<\/p>\n<p>Yo estar\u00e9 a tu lado y te acompa\u00f1ar\u00e9 en tu crecimiento. No te dir\u00e9 qu\u00e9 decisiones tomar, pero te guiar\u00e9 para que t\u00fa las tomes y seas cada vez m\u00e1s aut\u00f3nom@.<\/p>\n<p><strong>Y poco a poco te encontrar\u00e1s mejor\u2026.y \u00a1echar\u00e1s a volar! <\/strong>Y si alguna vez te vuelves a caer, aqu\u00ed estar\u00e9 yo para recogerte y recordarte como lo hiciste la otra vez.<\/p>\n<p>Ser\u00e9 como un apoyo, esa persona de confianza, que no te juzgar\u00e1. Pero al mismo tiempo te ense\u00f1ar\u00e9 a sacar lo mejor de ti, y te mostrar\u00e9 tambi\u00e9n lo peor, pero constructivamente y sin da\u00f1ar, por supuesto. <em>Ser\u00e9 algo m\u00e1s que tu terapeuta<\/em>.<\/p>\n<p><strong>\u00a1Conmigo te sentir\u00e1s \u00fanic@!<\/strong><\/p>\n","protected":false},"excerpt":{"rendered":"<p>Mi formaci\u00f3n se ha ido desarrollando a lo largo 16 a\u00f1os de experiencia acad\u00e9mica y laboral, formaci\u00f3n que contin\u00faa en proceso para estar al d\u00eda en mi profesi\u00f3n. Entre las funciones desempe\u00f1adas y cargos ejercidos destacan: Sex\u00f3loga, Psic\u00f3loga, Directora Centro m\u00e9dico, Investigadora, Formadora y Educadora social.<\/p>\n","protected":false},"author":1,"featured_media":0,"parent":0,"menu_order":0,"comment_status":"closed","ping_status":"closed","template":"","meta":{"footnotes":""},"aioseo_notices":[],"_links":{"self":[{"href":"https:\/\/www.erosypsique.es\/index.php\/wp-json\/wp\/v2\/pages\/65"}],"collection":[{"href":"https:\/\/www.erosypsique.es\/index.php\/wp-json\/wp\/v2\/pages"}],"about":[{"href":"https:\/\/www.erosypsique.es\/index.php\/wp-json\/wp\/v2\/types\/page"}],"author":[{"embeddable":true,"href":"https:\/\/www.erosypsique.es\/index.php\/wp-json\/wp\/v2\/users\/1"}],"replies":[{"embeddable":true,"href":"https:\/\/www.erosypsique.es\/index.php\/wp-json\/wp\/v2\/comments?post=65"}],"version-history":[{"count":12,"href":"https:\/\/www.erosypsique.es\/index.php\/wp-json\/wp\/v2\/pages\/65\/revisions"}],"predecessor-version":[{"id":897,"href":"https:\/\/www.erosypsique.es\/index.php\/wp-json\/wp\/v2\/pages\/65\/revisions\/897"}],"wp:attachment":[{"href":"https:\/\/www.erosypsique.es\/index.php\/wp-json\/wp\/v2\/media?parent=65"}],"curies":[{"name":"wp","href":"https:\/\/api.w.org\/{rel}","templated":true}]}}