{"id":67,"date":"2016-01-15T18:10:02","date_gmt":"2016-01-15T18:10:02","guid":{"rendered":"http:\/\/www.erosypsique.es\/new_eros\/?page_id=67"},"modified":"2019-03-30T20:49:55","modified_gmt":"2019-03-30T20:49:55","slug":"en-los-medios","status":"publish","type":"page","link":"https:\/\/www.erosypsique.es\/index.php\/en-los-medios\/","title":{"rendered":"En los medios"},"content":{"rendered":"<p>&nbsp;<\/p>\n<p>&nbsp;<\/p>\n<p>&nbsp;<\/p>\n<p><a href=\"http:\/\/www.erosypsique.es\/wp-content\/uploads\/2016\/01\/tele.jpg\" rel=\"attachment wp-att-193\"><img loading=\"lazy\" decoding=\"async\" class=\"aligncenter wp-image-193 size-medium\" src=\"http:\/\/www.erosypsique.es\/wp-content\/uploads\/2016\/01\/tele-300x300.jpg\" alt=\"tele\" width=\"300\" height=\"300\" srcset=\"https:\/\/www.erosypsique.es\/wp-content\/uploads\/2016\/01\/tele-300x300.jpg 300w, https:\/\/www.erosypsique.es\/wp-content\/uploads\/2016\/01\/tele-150x150.jpg 150w, https:\/\/www.erosypsique.es\/wp-content\/uploads\/2016\/01\/tele-768x768.jpg 768w, https:\/\/www.erosypsique.es\/wp-content\/uploads\/2016\/01\/tele-230x230.jpg 230w, https:\/\/www.erosypsique.es\/wp-content\/uploads\/2016\/01\/tele-330x330.jpg 330w, https:\/\/www.erosypsique.es\/wp-content\/uploads\/2016\/01\/tele.jpg 933w\" sizes=\"(max-width: 300px) 100vw, 300px\" \/><\/a><\/p>\n<p><iframe loading=\"lazy\" src=\"\/\/www.youtube.com\/embed\/3aYhiqxHj20\" width=\"425\" height=\"350\" allowfullscreen=\"allowfullscreen\"><\/iframe><\/p>\n<p>&nbsp;<\/p>\n<p><iframe loading=\"lazy\" src=\"\/\/www.youtube.com\/embed\/1T9rvFJjZJY\" width=\"425\" height=\"350\" allowfullscreen=\"allowfullscreen\"><\/iframe><\/p>\n<p>&nbsp;<\/p>\n<p><iframe loading=\"lazy\" src=\"\/\/www.youtube.com\/embed\/96P-RnWPCso\" width=\"425\" height=\"350\" allowfullscreen=\"allowfullscreen\"><\/iframe><\/p>\n<p>&nbsp;<\/p>\n<p><iframe loading=\"lazy\" src=\"\/\/www.youtube.com\/embed\/OiRf3GUUvDs\" width=\"425\" height=\"350\" allowfullscreen=\"allowfullscreen\"><\/iframe><\/p>\n<p>Aqu\u00ed en la Manifestaci\u00f3n del 8M, en el minuto 1:10 pode\u00eds vernos a mi y a mi alumno Alberto Hern\u00e1dez.<\/p>\n<p><iframe loading=\"lazy\" src=\"\/\/www.youtube.com\/embed\/e-VajPC9ugA\" width=\"425\" height=\"350\" allowfullscreen=\"allowfullscreen\"><\/iframe><\/p>\n<p>En el minuto 27:40 aparezco en el Programa de TV \u00abEN CLAVE DE\u00bb de Informaci\u00f3n TV Alicante. Entrevista telef\u00f3nica.<\/p>\n<p><iframe loading=\"lazy\" src=\"\/\/www.youtube.com\/embed\/cX6Zsl6cm2E\" width=\"425\" height=\"350\" allowfullscreen=\"allowfullscreen\"><\/iframe><\/p>\n<p>&nbsp;<\/p>\n<p>&nbsp;<\/p>\n<p><a href=\"http:\/\/www.erosypsique.es\/wp-content\/uploads\/2016\/01\/radio.jpg\" rel=\"attachment wp-att-197\"><img loading=\"lazy\" decoding=\"async\" class=\"aligncenter wp-image-197 size-medium\" src=\"http:\/\/www.erosypsique.es\/wp-content\/uploads\/2016\/01\/radio-300x300.jpg\" alt=\"radio\" width=\"300\" height=\"300\" srcset=\"https:\/\/www.erosypsique.es\/wp-content\/uploads\/2016\/01\/radio-300x300.jpg 300w, https:\/\/www.erosypsique.es\/wp-content\/uploads\/2016\/01\/radio-150x150.jpg 150w, https:\/\/www.erosypsique.es\/wp-content\/uploads\/2016\/01\/radio-768x768.jpg 768w, https:\/\/www.erosypsique.es\/wp-content\/uploads\/2016\/01\/radio-230x230.jpg 230w, https:\/\/www.erosypsique.es\/wp-content\/uploads\/2016\/01\/radio-330x330.jpg 330w, https:\/\/www.erosypsique.es\/wp-content\/uploads\/2016\/01\/radio.jpg 945w\" sizes=\"(max-width: 300px) 100vw, 300px\" \/><\/a><\/p>\n<p>&nbsp;<\/p>\n<p style=\"text-align: center;\">Entrevista para el programa\u00a0 \u00abHoy por Hoy\u00bb de la Cadena Ser\u00a0\u00a0<a href=\"https:\/\/www.ivoox.com\/en\/papel-del-porno-adolescencia-audios-mp3_rf_33464707_1.html\" target=\"_blank\">El papel del porno en la adolescencia <\/a>\u00a0Pode\u00eds escucharme a partir del minuto 22.<\/p>\n<p style=\"text-align: center;\">\u00a0Entrevista el pasado d\u00eda 3 de Junio en \u00abLa Noche de Dos Rombos\u00bb. Puedes escucharla\u00a0<a href=\"http:\/\/lanochededosrombos.blogspot.com.es\/2016\/06\/la-noche-dos-rombos-viernes-3-de-junio.html?m=1\">Aqu\u00ed<\/a><\/p>\n<p style=\"text-align: center;\">Puedes escucharme en el minuto 35\u00a0<a href=\"https:\/\/www.upv.es\/rtv\/radio\/mangrovia\/47844\" target=\"_blank\">Aqu\u00ed<\/a><\/p>\n<p>&nbsp;<\/p>\n<p><a href=\"http:\/\/www.erosypsique.es\/wp-content\/uploads\/2016\/01\/prensa.jpg\" rel=\"attachment wp-att-196\"><img loading=\"lazy\" decoding=\"async\" class=\"aligncenter wp-image-196 size-medium\" src=\"http:\/\/www.erosypsique.es\/wp-content\/uploads\/2016\/01\/prensa-293x300.jpg\" alt=\"prensa\" width=\"293\" height=\"300\" srcset=\"https:\/\/www.erosypsique.es\/wp-content\/uploads\/2016\/01\/prensa-293x300.jpg 293w, https:\/\/www.erosypsique.es\/wp-content\/uploads\/2016\/01\/prensa-768x785.jpg 768w, https:\/\/www.erosypsique.es\/wp-content\/uploads\/2016\/01\/prensa.jpg 901w\" sizes=\"(max-width: 293px) 100vw, 293px\" \/><\/a><\/p>\n<p>&nbsp;<\/p>\n<p>24 de Enero de 2018, Diario Informaci\u00f3n de Alicante. Acompa\u00f1an para dar una noticia sobre homofobia, una foto en la que aprecemos durante la manifestaci\u00f3n del d\u00eda del Orgullo de Alicante del 2017.<\/p>\n<p>&nbsp;<\/p>\n<p style=\"text-align: center;\"><a href=\"http:\/\/www.erosypsique.es\/wp-content\/uploads\/2016\/01\/27066982_925052257653078_6434201406868263612_n.jpg\" rel=\"attachment wp-att-717\"><img loading=\"lazy\" decoding=\"async\" class=\"aligncenter size-medium wp-image-717\" src=\"http:\/\/www.erosypsique.es\/wp-content\/uploads\/2016\/01\/27066982_925052257653078_6434201406868263612_n-225x300.jpg\" alt=\"27066982_925052257653078_6434201406868263612_n\" width=\"225\" height=\"300\" srcset=\"https:\/\/www.erosypsique.es\/wp-content\/uploads\/2016\/01\/27066982_925052257653078_6434201406868263612_n-225x300.jpg 225w, https:\/\/www.erosypsique.es\/wp-content\/uploads\/2016\/01\/27066982_925052257653078_6434201406868263612_n.jpg 720w\" sizes=\"(max-width: 225px) 100vw, 225px\" \/><\/a><\/p>\n<p>&nbsp;<\/p>\n<p>&nbsp;<\/p>\n<p>Entrevista publicada el s\u00e1bado 30 de Abril de 2016, en contraportada de la Voz de Almer\u00eda. Estado de la Sexualidad en Espa\u00f1a. \u00abSe nos ha educado en el pudor y la culpa\u00bb<\/p>\n<p>&nbsp;<\/p>\n<p><a href=\"http:\/\/www.erosypsique.es\/wp-content\/uploads\/2016\/01\/13139349_1722640141286455_1492845480920225543_n.jpg\" rel=\"attachment wp-att-425\"><img loading=\"lazy\" decoding=\"async\" class=\"aligncenter size-medium wp-image-425\" src=\"http:\/\/www.erosypsique.es\/wp-content\/uploads\/2016\/01\/13139349_1722640141286455_1492845480920225543_n-223x300.jpg\" alt=\"13139349_1722640141286455_1492845480920225543_n\" width=\"223\" height=\"300\" srcset=\"https:\/\/www.erosypsique.es\/wp-content\/uploads\/2016\/01\/13139349_1722640141286455_1492845480920225543_n-223x300.jpg 223w, https:\/\/www.erosypsique.es\/wp-content\/uploads\/2016\/01\/13139349_1722640141286455_1492845480920225543_n.jpg 294w\" sizes=\"(max-width: 223px) 100vw, 223px\" \/><\/a><\/p>\n<p>&nbsp;<\/p>\n<p>Entrevista personal realizada para una estudiante de periodismo, en la que hablo sobre el Erotismo en el Siglo XXI, y dem\u00e1s asuntos de inter\u00e9s sexol\u00f3gico, no os la perd\u00e1is, s\u00f3lo ten\u00e9is que pincha m\u00e1s abajo, en el enlace \u00abExilio de la zona de confort\u00bb<\/p>\n<p>&nbsp;<\/p>\n<p><a href=\"http:\/\/www.erosypsique.es\/wp-content\/uploads\/2016\/01\/dsc_0016.jpg\" rel=\"attachment wp-att-420\"><img loading=\"lazy\" decoding=\"async\" class=\"aligncenter size-medium wp-image-420\" src=\"http:\/\/www.erosypsique.es\/wp-content\/uploads\/2016\/01\/dsc_0016-300x169.jpg\" alt=\"dsc_0016\" width=\"300\" height=\"169\" srcset=\"https:\/\/www.erosypsique.es\/wp-content\/uploads\/2016\/01\/dsc_0016-300x169.jpg 300w, https:\/\/www.erosypsique.es\/wp-content\/uploads\/2016\/01\/dsc_0016.jpg 481w\" sizes=\"(max-width: 300px) 100vw, 300px\" \/><\/a><\/p>\n<p style=\"text-align: center;\"><a href=\"https:\/\/vozencuello.wordpress.com\/2016\/04\/07\/exodo-de-la-zona-de-confort\/\" target=\"_blank\">Exilio de la zona de confort<\/a><\/p>\n<p>&nbsp;<\/p>\n<p>&nbsp;<\/p>\n<p><a href=\"http:\/\/www.erosypsique.es\/wp-content\/uploads\/2016\/01\/peri\u00f3dico.jpg\" rel=\"attachment wp-att-198\"><img loading=\"lazy\" decoding=\"async\" class=\"aligncenter wp-image-198 size-full\" src=\"http:\/\/www.erosypsique.es\/wp-content\/uploads\/2016\/01\/peri\u00f3dico.jpg\" alt=\"peri\u00f3dico\" width=\"800\" height=\"479\" srcset=\"https:\/\/www.erosypsique.es\/wp-content\/uploads\/2016\/01\/peri\u00f3dico.jpg 800w, https:\/\/www.erosypsique.es\/wp-content\/uploads\/2016\/01\/peri\u00f3dico-300x180.jpg 300w, https:\/\/www.erosypsique.es\/wp-content\/uploads\/2016\/01\/peri\u00f3dico-768x460.jpg 768w\" sizes=\"(max-width: 800px) 100vw, 800px\" \/><\/a><\/p>\n<p>&nbsp;<\/p>\n<p><a href=\"http:\/\/www.erosypsique.es\/wp-content\/uploads\/2016\/01\/youtube.jpg\" rel=\"attachment wp-att-199\"><br \/>\n<img loading=\"lazy\" decoding=\"async\" class=\"aligncenter wp-image-199 size-medium\" src=\"http:\/\/www.erosypsique.es\/wp-content\/uploads\/2016\/01\/youtube-300x300.jpg\" alt=\"youtube\" width=\"300\" height=\"300\" srcset=\"https:\/\/www.erosypsique.es\/wp-content\/uploads\/2016\/01\/youtube-300x300.jpg 300w, https:\/\/www.erosypsique.es\/wp-content\/uploads\/2016\/01\/youtube-150x150.jpg 150w, https:\/\/www.erosypsique.es\/wp-content\/uploads\/2016\/01\/youtube-768x768.jpg 768w, https:\/\/www.erosypsique.es\/wp-content\/uploads\/2016\/01\/youtube-230x230.jpg 230w, https:\/\/www.erosypsique.es\/wp-content\/uploads\/2016\/01\/youtube-330x330.jpg 330w, https:\/\/www.erosypsique.es\/wp-content\/uploads\/2016\/01\/youtube.jpg 891w\" sizes=\"(max-width: 300px) 100vw, 300px\" \/><\/a><\/p>\n<p>&nbsp;<\/p>\n<p>&nbsp;<\/p>\n<p>&nbsp;<\/p>\n<p><iframe loading=\"lazy\" src=\"\/\/www.youtube.com\/embed\/LXQS1PcPasY\" width=\"425\" height=\"350\" allowfullscreen=\"allowfullscreen\"><\/iframe><\/p>\n<p>&nbsp;<\/p>\n<p><iframe loading=\"lazy\" src=\"\/\/www.youtube.com\/embed\/XhVDCfSp-aI\" width=\"425\" height=\"350\" allowfullscreen=\"allowfullscreen\"><\/iframe><\/p>\n<p>&nbsp;<\/p>\n<p><iframe loading=\"lazy\" src=\"\/\/www.youtube.com\/embed\/I188LnJNZr4\" width=\"425\" height=\"350\" allowfullscreen=\"allowfullscreen\"><\/iframe><\/p>\n<p>&nbsp;<\/p>\n<p>&nbsp;<\/p>\n<p>&nbsp;<\/p>\n<p><iframe loading=\"lazy\" src=\"\/\/www.youtube.com\/embed\/O7rFLNfmYkA\" width=\"425\" height=\"350\" allowfullscreen=\"allowfullscreen\"><\/iframe><\/p>\n<p>&nbsp;<\/p>\n<p><iframe loading=\"lazy\" src=\"\/\/www.youtube.com\/embed\/L31RUOVB39U\" width=\"425\" height=\"350\" allowfullscreen=\"allowfullscreen\"><\/iframe><\/p>\n<p>&nbsp;<\/p>\n<p><iframe loading=\"lazy\" src=\"\/\/www.youtube.com\/embed\/lLFaKfD8msI\" width=\"425\" height=\"350\" allowfullscreen=\"allowfullscreen\"><\/iframe><\/p>\n<p>&nbsp;<\/p>\n","protected":false},"excerpt":{"rendered":"<p>&nbsp; &nbsp; &nbsp; &nbsp; &nbsp; &nbsp; Aqu\u00ed en la Manifestaci\u00f3n del 8M, en el minuto 1:10 pode\u00eds vernos a mi y a mi alumno Alberto Hern\u00e1dez. En el minuto 27:40 aparezco en el Programa de TV \u00abEN CLAVE DE\u00bb de<\/p>\n","protected":false},"author":1,"featured_media":193,"parent":0,"menu_order":0,"comment_status":"closed","ping_status":"closed","template":"","meta":{"footnotes":""},"aioseo_notices":[],"_links":{"self":[{"href":"https:\/\/www.erosypsique.es\/index.php\/wp-json\/wp\/v2\/pages\/67"}],"collection":[{"href":"https:\/\/www.erosypsique.es\/index.php\/wp-json\/wp\/v2\/pages"}],"about":[{"href":"https:\/\/www.erosypsique.es\/index.php\/wp-json\/wp\/v2\/types\/page"}],"author":[{"embeddable":true,"href":"https:\/\/www.erosypsique.es\/index.php\/wp-json\/wp\/v2\/users\/1"}],"replies":[{"embeddable":true,"href":"https:\/\/www.erosypsique.es\/index.php\/wp-json\/wp\/v2\/comments?post=67"}],"version-history":[{"count":16,"href":"https:\/\/www.erosypsique.es\/index.php\/wp-json\/wp\/v2\/pages\/67\/revisions"}],"predecessor-version":[{"id":793,"href":"https:\/\/www.erosypsique.es\/index.php\/wp-json\/wp\/v2\/pages\/67\/revisions\/793"}],"wp:featuredmedia":[{"embeddable":true,"href":"https:\/\/www.erosypsique.es\/index.php\/wp-json\/wp\/v2\/media\/193"}],"wp:attachment":[{"href":"https:\/\/www.erosypsique.es\/index.php\/wp-json\/wp\/v2\/media?parent=67"}],"curies":[{"name":"wp","href":"https:\/\/api.w.org\/{rel}","templated":true}]}}